{"id":30,"date":"2019-07-19T10:53:35","date_gmt":"2019-07-19T10:53:35","guid":{"rendered":"http:\/\/localhost\/fz21.md\/?page_id=30"},"modified":"2020-03-18T14:17:09","modified_gmt":"2020-03-18T14:17:09","slug":"noutati","status":"publish","type":"page","link":"https:\/\/furnizare-energie.md\/en\/noutati\/","title":{"rendered":"The latest news"},"content":{"rendered":"<p style=\"text-align: center;\"><strong><em><b><i>Stimate partener!<\/i><\/b><\/em><\/strong><\/p>\n<p><strong><b>SRL \u201eFURNIZARE ENERGIE\u201d<\/b><\/strong>\u00a0V\u0103 aduce la cuno\u0219tin\u021b\u0103 c\u0103 declararea st\u0103rii excep\u021bionale la nivel na\u021bional \u0219i impunerea anumitor restric\u021bii \u00een scopul prevenirii r\u0103sp\u00e2ndirii virusului de tip COVID-19, nu influen\u021beaz\u0103 rezultatul activit\u0103\u021bii \u00eentreprinderii noastre.<\/p>\n<p>Totodat\u0103, V\u0103 inform\u0103m despre respectarea cu stricte\u021be a tuturor restric\u021biilor aferente situa\u021biei date, prin organizarea procesului de lucru al colaboratorilor la distan\u021b\u0103.<\/p>\n<p>Reie\u0219ind din cele expuse, r\u0103m\u00e2nem disponibili prin urm\u0103toarele mijloace de comunicare:<\/p>\n<ol>\n<li>Telefon de contact &#8211; 069832286 &#8211; secretariat;<\/li>\n<li>E-mail: <a href=\"mailto:office@furnizare-energie.md;\"><u>office@furnizare-energie.md;<\/u><\/a><\/li>\n<li>Pagina web: <a href=\"http:\/\/www.furnizare-energie.md;\"><u>furnizare-energie.md;<\/u><\/a><\/li>\n<li>Facebook: SRL Furnizare Energie.<\/li>\n<\/ol>\n<p><strong><em><b><i>Cu respect, <\/i><\/b><\/em><\/strong><\/p>\n<p><strong><b>Administra\u021bia SRL \u201eFURNIZARE ENERGIE\u201d <\/b><\/strong><\/p>\n<div class=\"mads-block\"><\/div>","protected":false},"excerpt":{"rendered":"<p>Stimate partener! SRL \u201eFURNIZARE ENERGIE\u201d\u00a0V\u0103 aduce la cuno\u0219tin\u021b\u0103 c\u0103 declararea st\u0103rii excep\u021bionale la nivel na\u021bional \u0219i impunerea anumitor restric\u021bii \u00een scopul prevenirii r\u0103sp\u00e2ndirii virusului de tip COVID-19, nu influen\u021beaz\u0103 rezultatul activit\u0103\u021bii \u00eentreprinderii noastre. Totodat\u0103, V\u0103 inform\u0103m despre respectarea cu stricte\u021be a tuturor restric\u021biilor aferente situa\u021biei date, prin organizarea procesului de lucru al colaboratorilor la distan\u021b\u0103. [&hellip;]<\/p>\n","protected":false},"author":1,"featured_media":0,"parent":0,"menu_order":0,"comment_status":"closed","ping_status":"closed","template":"news.php","meta":{"footnotes":""},"class_list":["post-30","page","type-page","status-publish","hentry"],"acf":[],"aioseo_notices":[],"_links":{"self":[{"href":"https:\/\/furnizare-energie.md\/en\/wp-json\/wp\/v2\/pages\/30","targetHints":{"allow":["GET"]}}],"collection":[{"href":"https:\/\/furnizare-energie.md\/en\/wp-json\/wp\/v2\/pages"}],"about":[{"href":"https:\/\/furnizare-energie.md\/en\/wp-json\/wp\/v2\/types\/page"}],"author":[{"embeddable":true,"href":"https:\/\/furnizare-energie.md\/en\/wp-json\/wp\/v2\/users\/1"}],"replies":[{"embeddable":true,"href":"https:\/\/furnizare-energie.md\/en\/wp-json\/wp\/v2\/comments?post=30"}],"version-history":[{"count":12,"href":"https:\/\/furnizare-energie.md\/en\/wp-json\/wp\/v2\/pages\/30\/revisions"}],"predecessor-version":[{"id":469,"href":"https:\/\/furnizare-energie.md\/en\/wp-json\/wp\/v2\/pages\/30\/revisions\/469"}],"wp:attachment":[{"href":"https:\/\/furnizare-energie.md\/en\/wp-json\/wp\/v2\/media?parent=30"}],"curies":[{"name":"wp","href":"https:\/\/api.w.org\/{rel}","templated":true}]}}